{"id":3,"date":"2026-02-10T12:27:03","date_gmt":"2026-02-10T12:27:03","guid":{"rendered":"https:\/\/eaptraining2026.pl\/wordpress\/?page_id=3"},"modified":"2026-03-12T23:31:12","modified_gmt":"2026-03-12T22:31:12","slug":"privacy-policy","status":"publish","type":"page","link":"https:\/\/eaptraining2026.pl\/index.php\/privacy-policy\/","title":{"rendered":"Privacy Policy"},"content":{"rendered":"\n<h2 class=\"wp-block-heading\">Privacy Policy<\/h2>\n\n\n\n<p>1. The Data Administrator<\/p>\n\n\n\n<p>The Data Administrator is The Center of Hearing and Speech and Institute of Sensory Organs Ltd. with with registered office in in Kajetany, Mokra 1 str., 05-830 Nadarzyn, Poland, NIP: 5222595396 and Instytut Narz\u0105d\u00f3w Zmys\u0142\u00f3w sp. z o.o. ul. Mokra 1, 05-830 Nadarzyn, NIP: 534 240 09 84, REGON: 141684503, KRS: 0000319184<\/p>\n\n\n\n<p>The Data Administrator is committed to safeguarding the privacy of website visitors. This policy informs about how the personal data will be used.<\/p>\n\n\n\n<p>2. The data we collect<\/p>\n\n\n\n<p>First, we collect data provided by you as part of your application, used for registration as a conference participant, i.e.:<\/p>\n\n\n\n<ul class=\"wp-block-list\">\n<li>full name,<\/li>\n\n\n\n<li>e-mail address,<\/li>\n\n\n\n<li>country and city,<\/li>\n\n\n\n<li>contact details of the company for which the invoice will be issued.<\/li>\n<\/ul>\n\n\n\n<p>Second, we collect and store HTTP inquiries to our server in accordance with the best practices of website administration. This means that we know the public IP addresses from which users browse our website information content. Browsed resources are identified by URLs. We know:<\/p>\n\n\n\n<ul class=\"wp-block-list\">\n<li>the time of request,<\/li>\n\n\n\n<li>the time of sending a reply,<\/li>\n\n\n\n<li>client workstation name \u2013 identification via HTTP protocol,<\/li>\n\n\n\n<li>information about errors that occurred during the execution of HTTP requests,<\/li>\n\n\n\n<li>URL of the website previously visited by the user (referrer link) \u2013 if the website was accessed through a link,<\/li>\n\n\n\n<li>information about the user\u2019s browser,<\/li>\n\n\n\n<li>user session ID.<\/li>\n<\/ul>\n\n\n\n<p>3. Cookies<\/p>\n\n\n\n<p>A cookie consists of information by a web server to a web browser, and stores by the browser. The information is then sent back to the server each time the browser requests a page from the server. This enables the web server to identify and track the web browser. We do not use any specific cookies, but our website is launched with WordPress and their cookies apply to our website. About WordPress cookies read here.<\/p>\n\n\n\n<p>4. Using your personal data<\/p>\n\n\n\n<p>Personal data submitted to us via this website will be used for the purposes specified in this privacy policy or in relevant parts of the website.<\/p>\n\n\n\n<p>We may use your personal data to:<\/p>\n\n\n\n<ul class=\"wp-block-list\">\n<li>enable your use of the services available on the website;<\/li>\n\n\n\n<li>send you email notifications which you have specifically requested;<\/li>\n\n\n\n<li>send you marketing communications relating to our business which we think may be of interest to you by post or, where you have specifically agreed to this, by email or similar technology (you can inform us at any time if you no longer require<br>marketing communications);<\/li>\n\n\n\n<li>deal with enquiries and complaints made by or about you<br>relating to the website.<\/li>\n<\/ul>\n\n\n\n<p>We will not \u2013 without your consent \u2013 provide your personal data to any third parties for the purpose of direct marketing.<\/p>\n\n\n\n<p>5. Disclosures<\/p>\n\n\n\n<p>We may disclose information about you to any of our employees, officers, agents, suppliers or subcontractors insofar as reasonably necessary for the purposes as set out in this privacy policy.<\/p>\n\n\n\n<ol start=\"3\" class=\"wp-block-list\"><\/ol>\n\n\n\n<p>In addition, we may disclose your personal data:<\/p>\n\n\n\n<ul class=\"wp-block-list\">\n<li>to the extent that we are required to do so by law;<\/li>\n\n\n\n<li>in connection with any legal proceedings or prospective legal proceedings; <\/li>\n\n\n\n<li>to establish, exercise or defend our legal rights (including providing information to others for the purposes of fraud prevention and reducing credit risk).<\/li>\n<\/ul>\n\n\n\n<p>Except as provided in this privacy policy, we will not provide your information to third parties.<\/p>\n\n\n\n<p>6. Security of your personal data<\/p>\n\n\n\n<p>We will take reasonable technical and organisational precautions to prevent the loss, misuse or alteration of your personal data.<\/p>\n\n\n\n<p>Data transmission over the internet is inherently insecure, and we cannot guarantee the security of data sent over the internet.<\/p>\n\n\n\n<p>You are responsible for keeping your password and user details confidential. We will not ask you for your password (except when you log in to the website).<\/p>\n\n\n\n<p>7. Policy amendments<\/p>\n\n\n\n<p>We may update this privacy policy from time-to-time by posting a new version on our website. We suggest checking this page occasionally to ensure you are up to date with any changes.<\/p>\n\n\n\n<p>8. Your rights<\/p>\n\n\n\n<p>You may instruct us to provide you with any personal data we hold about you. Provision of such information will be subject to the supply of appropriate evidence of your identity.<\/p>\n\n\n\n<p>You may instruct us not to process your personal data for marketing purposes by email at any time. In practice, you will usually either expressly agree in advance to our use of your personal data for marketing purposes, or we will provide you with an opportunity to opt-out of the use of your personal data for marketing purposes.<\/p>\n\n\n\n<p>9. Third party websites <\/p>\n\n\n\n<p>The website contains links to other websites. We are not responsible for the privacy policies or practices of third party websites.<\/p>\n\n\n\n<p>10. At any time you have the right to view your personal data and have the possibility to update and delete them. You can do this by sending an e-mail request to the data administrator at the e-mail address:\u00a0konferencja@inz.waw.pl<\/p>\n\n\n\n<p><\/p>\n","protected":false},"excerpt":{"rendered":"<p>Privacy Policy 1. The Data Administrator The Data Administrator is The Center of Hearing and Speech and Institute of Sensory [&hellip;]<\/p>\n","protected":false},"author":1,"featured_media":0,"parent":0,"menu_order":0,"comment_status":"closed","ping_status":"open","template":"","meta":{"_uag_custom_page_level_css":"","site-sidebar-layout":"default","site-content-layout":"","ast-site-content-layout":"default","site-content-style":"default","site-sidebar-style":"default","ast-global-header-display":"","ast-banner-title-visibility":"","ast-main-header-display":"","ast-hfb-above-header-display":"","ast-hfb-below-header-display":"","ast-hfb-mobile-header-display":"","site-post-title":"","ast-breadcrumbs-content":"","ast-featured-img":"","footer-sml-layout":"","ast-disable-related-posts":"","theme-transparent-header-meta":"","adv-header-id-meta":"","stick-header-meta":"","header-above-stick-meta":"","header-main-stick-meta":"","header-below-stick-meta":"","astra-migrate-meta-layouts":"default","ast-page-background-enabled":"default","ast-page-background-meta":{"desktop":{"background-color":"var(--ast-global-color-5)","background-image":"","background-repeat":"repeat","background-position":"center center","background-size":"auto","background-attachment":"scroll","background-type":"","background-media":"","overlay-type":"","overlay-color":"","overlay-opacity":"","overlay-gradient":""},"tablet":{"background-color":"","background-image":"","background-repeat":"repeat","background-position":"center center","background-size":"auto","background-attachment":"scroll","background-type":"","background-media":"","overlay-type":"","overlay-color":"","overlay-opacity":"","overlay-gradient":""},"mobile":{"background-color":"","background-image":"","background-repeat":"repeat","background-position":"center center","background-size":"auto","background-attachment":"scroll","background-type":"","background-media":"","overlay-type":"","overlay-color":"","overlay-opacity":"","overlay-gradient":""}},"ast-content-background-meta":{"desktop":{"background-color":"var(--ast-global-color-4)","background-image":"","background-repeat":"repeat","background-position":"center center","background-size":"auto","background-attachment":"scroll","background-type":"","background-media":"","overlay-type":"","overlay-color":"","overlay-opacity":"","overlay-gradient":""},"tablet":{"background-color":"var(--ast-global-color-4)","background-image":"","background-repeat":"repeat","background-position":"center center","background-size":"auto","background-attachment":"scroll","background-type":"","background-media":"","overlay-type":"","overlay-color":"","overlay-opacity":"","overlay-gradient":""},"mobile":{"background-color":"var(--ast-global-color-4)","background-image":"","background-repeat":"repeat","background-position":"center center","background-size":"auto","background-attachment":"scroll","background-type":"","background-media":"","overlay-type":"","overlay-color":"","overlay-opacity":"","overlay-gradient":""}},"iawp_total_views":1,"footnotes":""},"class_list":["post-3","page","type-page","status-publish","hentry"],"uagb_featured_image_src":{"full":false,"thumbnail":false,"medium":false,"medium_large":false,"large":false,"1536x1536":false,"2048x2048":false},"uagb_author_info":{"display_name":"eaptraining2026","author_link":"https:\/\/eaptraining2026.pl\/author\/eaptraining2026\/"},"uagb_comment_info":0,"uagb_excerpt":"Privacy Policy 1. The Data Administrator The Data Administrator is The Center of Hearing and Speech and Institute of Sensory [&hellip;]","_links":{"self":[{"href":"https:\/\/eaptraining2026.pl\/index.php\/wp-json\/wp\/v2\/pages\/3","targetHints":{"allow":["GET"]}}],"collection":[{"href":"https:\/\/eaptraining2026.pl\/index.php\/wp-json\/wp\/v2\/pages"}],"about":[{"href":"https:\/\/eaptraining2026.pl\/index.php\/wp-json\/wp\/v2\/types\/page"}],"author":[{"embeddable":true,"href":"https:\/\/eaptraining2026.pl\/index.php\/wp-json\/wp\/v2\/users\/1"}],"replies":[{"embeddable":true,"href":"https:\/\/eaptraining2026.pl\/index.php\/wp-json\/wp\/v2\/comments?post=3"}],"version-history":[{"count":2,"href":"https:\/\/eaptraining2026.pl\/index.php\/wp-json\/wp\/v2\/pages\/3\/revisions"}],"predecessor-version":[{"id":183,"href":"https:\/\/eaptraining2026.pl\/index.php\/wp-json\/wp\/v2\/pages\/3\/revisions\/183"}],"wp:attachment":[{"href":"https:\/\/eaptraining2026.pl\/index.php\/wp-json\/wp\/v2\/media?parent=3"}],"curies":[{"name":"wp","href":"https:\/\/api.w.org\/{rel}","templated":true}]}}