{"id":2,"date":"2026-02-10T12:27:03","date_gmt":"2026-02-10T12:27:03","guid":{"rendered":"https:\/\/eaptraining2026.pl\/wordpress\/?page_id=2"},"modified":"2026-03-31T15:02:39","modified_gmt":"2026-03-31T14:02:39","slug":"sample-page","status":"publish","type":"page","link":"https:\/\/eaptraining2026.pl\/index.php\/sample-page\/","title":{"rendered":"About the Event"},"content":{"rendered":"\n<p>Course is designed for the people who wish to acquire comprehensive knowledge in the field of phoniatrics and paediatric audiology, individuals taking the EAP exam and AP\/ENT exam-oriented<\/p>\n\n\n\n<p><\/p>\n\n\n\n<blockquote class=\"wp-block-quote is-layout-flow wp-block-quote-is-layout-flow\">\n<p><strong>ORGANIZERS<\/strong><\/p>\n\n\n\n<p>EAP Training Board:<\/p>\n\n\n\n<p>Ao. Univ. Prof. Dr. Berit Schneider-Stickler, President of the EAP<br>Prof. Dr. Henryk Skar\u017cy\u0144ski, Honorary President of the EAP Training Course<br>Prof. Dr. Piotr H. Skar\u017cy\u0144ski, President of the EAP Training Course<br>PD Dr. Paulina Krasnodebska, Secretary of the EAP Training Course<br>PD Dr. Matthias Leonhard, Head of the Organizing Committee<\/p>\n<\/blockquote>\n\n\n\n<p><strong>Requirements for admission<br>to the European Board Examination of Phoniatrics<\/strong><\/p>\n\n\n\n<p>A completed medical degree is required for all applicants.<\/p>\n\n\n\n<blockquote class=\"wp-block-quote is-layout-flow wp-block-quote-is-layout-flow\">\n<ul class=\"wp-block-list\">\n<li>For applicants from countries with completed ENT specialist training and additional specialist training in phoniatrics, participation in an EAP Training Course is mandatory.<\/li>\n\n\n\n<li>For applicants from countries with completed phoniatrics specialist training, participation in an EAP Training Course is recommended.<\/li>\n\n\n\n<li>For applicants from countries without phoniatrics training opportunities, there is a need for completed ENT specialist training with proof of qualifications from internships in the topics of voice\/swallowing\/speech disorders\/language disorders\/ pedagogical audiology.<\/li>\n\n\n\n<li>Confirmations of participation in specialist training courses and proof of internships can be presented. Participation in an EAP training course is mandatory.<\/li>\n<\/ul>\n\n\n\n<p><strong>Date of next EBE Phoniatrics<\/strong><\/p>\n\n\n\n<p>part 1 (written examination): <br>scheduled for March 6th, 2026, 10.00 a.m. (online)<\/p>\n\n\n\n<p>part 2 (oral examination):<br>scheduled for March 25th, 2026, 3.00 p.m. (in person)<br>before the 16th Pan-European Voice Conference (PEVOC) 2026<\/p>\n\n\n\n<p><strong>Date of next EBE Phoniatrics<\/strong><\/p>\n\n\n\n<p>part 1 (written examination\u00a0&#8211;\u00a0online)<br>part 2 (oral examination):<br>scheduled for June 9th, 2027 (in person) <br>before the\u00a032nd Congress of the Union of the European Phoniatricians\u00a0(UEP)\u00a02027, June 10-12 2027, Berlin <\/p>\n\n\n\n<p><\/p>\n\n\n\n<p><\/p>\n\n\n\n<p>For further information on the examination, please contact: <a href=\"mailto:berit.schneider-stickler@meduniwien.ac.at\">berit.schneider-stickler@meduniwien.ac.at<\/a><\/p>\n<\/blockquote>\n","protected":false},"excerpt":{"rendered":"<p>Course is designed for the people who wish to acquire comprehensive knowledge in the field of phoniatrics and paediatric audiology, [&hellip;]<\/p>\n","protected":false},"author":1,"featured_media":0,"parent":0,"menu_order":0,"comment_status":"closed","ping_status":"open","template":"","meta":{"_uag_custom_page_level_css":"","site-sidebar-layout":"default","site-content-layout":"","ast-site-content-layout":"default","site-content-style":"default","site-sidebar-style":"default","ast-global-header-display":"","ast-banner-title-visibility":"","ast-main-header-display":"","ast-hfb-above-header-display":"","ast-hfb-below-header-display":"","ast-hfb-mobile-header-display":"","site-post-title":"","ast-breadcrumbs-content":"","ast-featured-img":"","footer-sml-layout":"","ast-disable-related-posts":"","theme-transparent-header-meta":"","adv-header-id-meta":"","stick-header-meta":"","header-above-stick-meta":"","header-main-stick-meta":"","header-below-stick-meta":"","astra-migrate-meta-layouts":"default","ast-page-background-enabled":"default","ast-page-background-meta":{"desktop":{"background-color":"var(--ast-global-color-5)","background-image":"","background-repeat":"repeat","background-position":"center center","background-size":"auto","background-attachment":"scroll","background-type":"","background-media":"","overlay-type":"","overlay-color":"","overlay-opacity":"","overlay-gradient":""},"tablet":{"background-color":"","background-image":"","background-repeat":"repeat","background-position":"center center","background-size":"auto","background-attachment":"scroll","background-type":"","background-media":"","overlay-type":"","overlay-color":"","overlay-opacity":"","overlay-gradient":""},"mobile":{"background-color":"","background-image":"","background-repeat":"repeat","background-position":"center center","background-size":"auto","background-attachment":"scroll","background-type":"","background-media":"","overlay-type":"","overlay-color":"","overlay-opacity":"","overlay-gradient":""}},"ast-content-background-meta":{"desktop":{"background-color":"var(--ast-global-color-4)","background-image":"","background-repeat":"repeat","background-position":"center center","background-size":"auto","background-attachment":"scroll","background-type":"","background-media":"","overlay-type":"","overlay-color":"","overlay-opacity":"","overlay-gradient":""},"tablet":{"background-color":"var(--ast-global-color-4)","background-image":"","background-repeat":"repeat","background-position":"center center","background-size":"auto","background-attachment":"scroll","background-type":"","background-media":"","overlay-type":"","overlay-color":"","overlay-opacity":"","overlay-gradient":""},"mobile":{"background-color":"var(--ast-global-color-4)","background-image":"","background-repeat":"repeat","background-position":"center center","background-size":"auto","background-attachment":"scroll","background-type":"","background-media":"","overlay-type":"","overlay-color":"","overlay-opacity":"","overlay-gradient":""}},"iawp_total_views":20,"footnotes":""},"class_list":["post-2","page","type-page","status-publish","hentry"],"uagb_featured_image_src":{"full":false,"thumbnail":false,"medium":false,"medium_large":false,"large":false,"1536x1536":false,"2048x2048":false},"uagb_author_info":{"display_name":"eaptraining2026","author_link":"https:\/\/eaptraining2026.pl\/author\/eaptraining2026\/"},"uagb_comment_info":0,"uagb_excerpt":"Course is designed for the people who wish to acquire comprehensive knowledge in the field of phoniatrics and paediatric audiology, [&hellip;]","_links":{"self":[{"href":"https:\/\/eaptraining2026.pl\/index.php\/wp-json\/wp\/v2\/pages\/2","targetHints":{"allow":["GET"]}}],"collection":[{"href":"https:\/\/eaptraining2026.pl\/index.php\/wp-json\/wp\/v2\/pages"}],"about":[{"href":"https:\/\/eaptraining2026.pl\/index.php\/wp-json\/wp\/v2\/types\/page"}],"author":[{"embeddable":true,"href":"https:\/\/eaptraining2026.pl\/index.php\/wp-json\/wp\/v2\/users\/1"}],"replies":[{"embeddable":true,"href":"https:\/\/eaptraining2026.pl\/index.php\/wp-json\/wp\/v2\/comments?post=2"}],"version-history":[{"count":13,"href":"https:\/\/eaptraining2026.pl\/index.php\/wp-json\/wp\/v2\/pages\/2\/revisions"}],"predecessor-version":[{"id":236,"href":"https:\/\/eaptraining2026.pl\/index.php\/wp-json\/wp\/v2\/pages\/2\/revisions\/236"}],"wp:attachment":[{"href":"https:\/\/eaptraining2026.pl\/index.php\/wp-json\/wp\/v2\/media?parent=2"}],"curies":[{"name":"wp","href":"https:\/\/api.w.org\/{rel}","templated":true}]}}